{"id":3101,"date":"2023-07-04T23:31:08","date_gmt":"2023-07-04T21:31:08","guid":{"rendered":"https:\/\/szok.biz\/rental\/?page_id=3101"},"modified":"2024-03-19T14:39:05","modified_gmt":"2024-03-19T13:39:05","slug":"naglosnienie-wynajem","status":"publish","type":"page","link":"https:\/\/szok.biz\/rental\/naglosnienie-wynajem\/","title":{"rendered":"Nag\u0142o\u015bnienie"},"content":{"rendered":"<p>[et_pb_section fb_built=&#8221;1&#8243; _builder_version=&#8221;4.16&#8243; _module_preset=&#8221;default&#8221; background_enable_color=&#8221;off&#8221; use_background_color_gradient=&#8221;on&#8221; background_color_gradient_stops=&#8221;rgba(0,0,0,0.29) 59%|rgba(0,0,0,0.08) 76%&#8221; background_color_gradient_overlays_image=&#8221;on&#8221; background_color_gradient_start=&#8221;rgba(0,0,0,0.29)&#8221; background_color_gradient_start_position=&#8221;59%&#8221; background_color_gradient_end=&#8221;rgba(0,0,0,0.08)&#8221; background_color_gradient_end_position=&#8221;76%&#8221; background_image=&#8221;https:\/\/szok.biz\/rental\/wp-content\/uploads\/2023\/07\/yomex-owo-leScCAsHZcw-unsplash.jpg&#8221; min_height=&#8221;400px&#8221; custom_padding=&#8221;142px|||||&#8221; global_colors_info=&#8221;{}&#8221;][et_pb_row _builder_version=&#8221;4.16&#8243; _module_preset=&#8221;default&#8221; global_colors_info=&#8221;{}&#8221;][et_pb_column type=&#8221;4_4&#8243; _builder_version=&#8221;4.16&#8243; _module_preset=&#8221;default&#8221; global_colors_info=&#8221;{}&#8221;][et_pb_text _builder_version=&#8221;4.16&#8243; _module_preset=&#8221;default&#8221; text_font=&#8221;Lato|900|||||||&#8221; header_font=&#8221;Lato|900|||||||&#8221; header_text_color=&#8221;#FFFFFF&#8221; header_font_size=&#8221;40px&#8221; global_colors_info=&#8221;{}&#8221;]<\/p>\n<h1 style=\"text-align: left;\">Wynajem nag\u0142o\u015bnienia na eventy<\/h1>\n<p>[\/et_pb_text][\/et_pb_column][\/et_pb_row][\/et_pb_section][et_pb_section fb_built=&#8221;1&#8243; _builder_version=&#8221;4.16&#8243; _module_preset=&#8221;default&#8221; custom_padding=&#8221;11px||0px|||&#8221; global_colors_info=&#8221;{}&#8221;][et_pb_row _builder_version=&#8221;4.16&#8243; _module_preset=&#8221;default&#8221; custom_padding=&#8221;||3px|||&#8221; global_colors_info=&#8221;{}&#8221;][et_pb_column type=&#8221;4_4&#8243; _builder_version=&#8221;4.16&#8243; _module_preset=&#8221;default&#8221; global_colors_info=&#8221;{}&#8221;][et_pb_text _builder_version=&#8221;4.16&#8243; _module_preset=&#8221;default&#8221; global_colors_info=&#8221;{}&#8221;]<\/p>\n<h2>Wynajmij u nas sprz\u0119t nag\u0142o\u015bnieniowy<\/h2>\n<p>[\/et_pb_text][\/et_pb_column][\/et_pb_row][et_pb_row _builder_version=&#8221;4.16&#8243; _module_preset=&#8221;default&#8221; global_colors_info=&#8221;{}&#8221;][et_pb_column type=&#8221;4_4&#8243; _builder_version=&#8221;4.16&#8243; _module_preset=&#8221;default&#8221; global_colors_info=&#8221;{}&#8221;][et_pb_text _builder_version=&#8221;4.16&#8243; _module_preset=&#8221;default&#8221; global_colors_info=&#8221;{}&#8221;]<\/p>\n<p><span>Wynajem sprz\u0119tu nag\u0142o\u015bnieniowego to kluczowy krok w zapewnieniu doskona\u0142ej jako\u015bci d\u017awi\u0119ku na ka\u017cdym wydarzeniu. Dzi\u0119ki szerokiemu wyborowi g\u0142o\u015bnik\u00f3w, mikrofon\u00f3w, mikser\u00f3w d\u017awi\u0119ku i dodatkowego osprz\u0119tu w naszej ofercie, mo\u017cesz uzyska\u0107 pe\u0142n\u0105 kontrol\u0119 nad brzmieniem i dostosowa\u0107 je do indywidualnych potrzeb. Mikrofony bezprzewodowe, ods\u0142uchy, czy interfejsy audio dodatkowo podnosz\u0105 jako\u015b\u0107 i funkcjonalno\u015b\u0107 Twojego nag\u0142o\u015bnienia. Wynajem naszych urz\u0105dze\u0144 jest wygodnym rozwi\u0105zaniem, pozwalaj\u0105cym zaoszcz\u0119dzi\u0107 koszty zakupu i przechowywania, a jednocze\u015bnie zapewniaj\u0105c profesjonalne efekty d\u017awi\u0119kowe na imprezach, koncertach, wystawach i wielu innych wydarzeniach.<\/span><\/p>\n<p>[\/et_pb_text][\/et_pb_column][\/et_pb_row][et_pb_row _builder_version=&#8221;4.16&#8243; _module_preset=&#8221;default&#8221; global_colors_info=&#8221;{}&#8221;][et_pb_column type=&#8221;4_4&#8243; _builder_version=&#8221;4.16&#8243; _module_preset=&#8221;default&#8221; global_colors_info=&#8221;{}&#8221;][et_pb_filterable_portfolio fullwidth=&#8221;off&#8221; posts_number=&#8221;36&#8243; include_categories=&#8221;29,32,31,33,30&#8243; _builder_version=&#8221;4.16&#8243; _module_preset=&#8221;default&#8221; global_colors_info=&#8221;{}&#8221;][\/et_pb_filterable_portfolio][\/et_pb_column][\/et_pb_row][\/et_pb_section][et_pb_section fb_built=&#8221;1&#8243; _builder_version=&#8221;4.16&#8243; _module_preset=&#8221;default&#8221; custom_padding=&#8221;0px||10px|||&#8221; global_colors_info=&#8221;{}&#8221;][et_pb_row _builder_version=&#8221;4.16&#8243; _module_preset=&#8221;default&#8221; custom_padding=&#8221;||2px|||&#8221; global_colors_info=&#8221;{}&#8221;][et_pb_column type=&#8221;4_4&#8243; _builder_version=&#8221;4.16&#8243; _module_preset=&#8221;default&#8221; global_colors_info=&#8221;{}&#8221;][et_pb_text _builder_version=&#8221;4.16&#8243; _module_preset=&#8221;default&#8221; global_colors_info=&#8221;{}&#8221;]<\/p>\n<h2>Doskona\u0142e brzmienia na ka\u017cd\u0105 okazj\u0119 &#8211; wynajem nag\u0142o\u015bnienia w Krakowie<\/h2>\n<p>Nasza wypo\u017cyczalnia sprz\u0119tu nag\u0142o\u015bnieniowego oferuje szeroki wyb\u00f3r wysokiej jako\u015bci urz\u0105dze\u0144, kt\u00f3re umo\u017cliwi\u0105 Ci uzyskanie niesamowitego brzmienia na imprezach, koncertach, konferencjach i wielu innych wydarzeniach. G\u0142o\u015bniki o r\u00f3\u017cnych mocach i charakterystykach pozwol\u0105 Ci na dopasowanie d\u017awi\u0119ku do rozmiaru i akustyki danego miejsca, podkre\u015blaj\u0105c ka\u017cdy detal i wci\u0105gaj\u0105c s\u0142uchaczy w atmosfer\u0119 wydarzenia, zapewniaj\u0105c im nieskaziteln\u0105 jako\u015b\u0107 d\u017awi\u0119ki. Mikrofony, w tym r\u00f3wnie\u017c mikrofony bezprzewodowe, zapewni\u0105 czyste i wyra\u017ane brzmienie wokal\u00f3w i instrument\u00f3w, podczas gdy miksery d\u017awi\u0119ku umo\u017cliwi\u0105 precyzyjn\u0105 kontrol\u0119 nad przesy\u0142aniem sygna\u0142\u00f3w i ich dostosowaniem.<\/p>\n<h2>Osprz\u0119t do d\u017awi\u0119ku, kt\u00f3ra podniesie jako\u015b\u0107 ka\u017cdego wydarzenia<\/h2>\n<p>Opr\u00f3cz g\u0142o\u015bnik\u00f3w, mikrofon\u00f3w i mikser\u00f3w, w naszej wypo\u017cyczalni znajdziesz r\u00f3wnie\u017c szeroki wyb\u00f3r dodatkowego osprz\u0119tu, kt\u00f3ry pozwoli Ci jeszcze bardziej usprawni\u0107 swoje nag\u0142o\u015bnienie. Dzi\u0119ki ods\u0142uchom arty\u015bci i prowadz\u0105cy mog\u0105 kontrolowa\u0107 wokal i instrumenty podczas wyst\u0119pu, co pozwoli im na dostosowanie brzmienia do konkretnych warunk\u00f3w i zapewnienie niesamowitego show w czasie rzeczywistym, aby wiedzie\u0107, \u017ce ka\u017cda nuta brzmi doskonale. Interfejsy audio pozwalaj\u0105 na profesjonalne nagrywanie i przesy\u0142anie d\u017awi\u0119ku do r\u00f3\u017cnych urz\u0105dze\u0144, otwieraj\u0105c nowe mo\u017cliwo\u015bci produkcji i postprodukcji d\u017awi\u0119ku.<\/p>\n<h2>Wynajmij sprz\u0119t nag\u0142o\u015bnieniowy wysokiej jako\u015bci<\/h2>\n<p>Wynajem sprz\u0119tu nag\u0142o\u015bnieniowego to doskona\u0142e rozwi\u0105zanie dla organizator\u00f3w imprez, artyst\u00f3w, zespo\u0142\u00f3w muzycznych i wszystkich, kt\u00f3rzy chc\u0105 zapewni\u0107 doskona\u0142\u0105 jako\u015b\u0107 d\u017awi\u0119ku na swoim wydarzeniu. Wynajmuj\u0105c sprz\u0119t, masz dost\u0119p do nowoczesnych urz\u0105dze\u0144, kt\u00f3re gwarantuj\u0105 wyj\u0105tkow\u0105 jako\u015b\u0107 brzmienia. Ponadto, wynajem pozwala zaoszcz\u0119dzi\u0107 koszty zakupu sprz\u0119tu nag\u0142o\u015bnieniowego, gdy potrzebujemy go tylko jednorazowo lub bardzo sporadycznie. Niezale\u017cnie od tego, czy organizujesz imprez\u0119 firmow\u0105, koncert na \u017cywo czy wystaw\u0119 sztuki, nasz sprz\u0119t nag\u0142o\u015bnieniowy (g\u0142o\u015bniki, mikrofony, miksery d\u017awi\u0119ku, osprz\u0119t, ods\u0142uchy i interfejsy), pomo\u017ce Ci stworzy\u0107 niesamowite wra\u017cenia d\u017awi\u0119kowe i zapewni\u0107 profesjonalne brzemienie dla Twojej publiczno\u015bci.<\/p>\n<p>[\/et_pb_text][\/et_pb_column][\/et_pb_row][et_pb_row _builder_version=&#8221;4.16&#8243; _module_preset=&#8221;default&#8221; global_colors_info=&#8221;{}&#8221;][et_pb_column type=&#8221;4_4&#8243; _builder_version=&#8221;4.16&#8243; _module_preset=&#8221;default&#8221; global_colors_info=&#8221;{}&#8221;][et_pb_text _builder_version=&#8221;4.16&#8243; _module_preset=&#8221;default&#8221; global_colors_info=&#8221;{}&#8221;]<\/p>\n<p><strong><span style=\"color: #ff0000;\"><a href=\"https:\/\/szok.biz\/rental\/\" style=\"color: #ff0000;\">Wynajem sprz\u0119tu eventowego w Krakowie<\/a><\/span><\/strong><\/p>\n<p>[\/et_pb_text][\/et_pb_column][\/et_pb_row][\/et_pb_section][et_pb_section fb_built=&#8221;1&#8243; custom_padding_last_edited=&#8221;on|phone&#8221; admin_label=&#8221;formularz rentalowy&#8221; module_id=&#8221;rental-contact-form&#8221; _builder_version=&#8221;4.24.2&#8243; _module_preset=&#8221;default&#8221; background_color=&#8221;rgba(0,0,0,0.46)&#8221; positioning=&#8221;fixed&#8221; position_origin_f=&#8221;center_center&#8221; z_index=&#8221;500&#8243; position_origin_a_last_edited=&#8221;off|desktop&#8221; position_origin_f_last_edited=&#8221;off|desktop&#8221; position_origin_r_last_edited=&#8221;off|desktop&#8221; height=&#8221;100%&#8221; custom_margin=&#8221;||||false|false&#8221; custom_padding=&#8221;100px||||false|false&#8221; custom_padding_tablet=&#8221;100px||||false|false&#8221; custom_padding_phone=&#8221;100px||||false|false&#8221; positioning_last_edited=&#8221;off|desktop&#8221; custom_css_main_element=&#8221;display:none;||align-items: center;||justify-content: center;||top: 50%!important;&#8221; global_colors_info=&#8221;{}&#8221; global_module=&#8221;5185&#8243;][et_pb_row _builder_version=&#8221;4.16&#8243; background_color=&#8221;#FFFFFF&#8221; position_origin_f=&#8221;center_center&#8221; position_origin_r=&#8221;top_right&#8221; z_index=&#8221;397&#8243; width_tablet=&#8221;90%&#8221; width_phone=&#8221;95%&#8221; width_last_edited=&#8221;on|phone&#8221; max_width=&#8221;1040px&#8221; height_tablet=&#8221;90vh&#8221; height_phone=&#8221;90vh&#8221; height_last_edited=&#8221;on|phone&#8221; custom_margin=&#8221;0px|0px|0px|0px|false|false&#8221; custom_padding=&#8221;0px|0px|0px|0px|false|false&#8221; border_radii=&#8221;on|15px|15px|15px|15px&#8221; box_shadow_style=&#8221;preset1&#8243; locked=&#8221;off&#8221; global_colors_info=&#8221;{}&#8221;][et_pb_column type=&#8221;4_4&#8243; _builder_version=&#8221;4.16&#8243; position_origin_f=&#8221;top_center&#8221; custom_padding=&#8221;0px|60px||30px|false|false&#8221; custom_padding_tablet=&#8221;&#8221; custom_padding_phone=&#8221;0px|30px||30px|false|false&#8221; custom_padding_last_edited=&#8221;on|desktop&#8221; global_colors_info=&#8221;{}&#8221; custom_padding__hover=&#8221;|||&#8221;][et_pb_code _builder_version=&#8221;4.24.2&#8243; _module_preset=&#8221;default&#8221; transform_scale_tablet=&#8221;&#8221; transform_scale_phone=&#8221;&#8221; transform_scale_last_edited=&#8221;on|phone&#8221; transform_translate_tablet=&#8221;&#8221; transform_translate_phone=&#8221;-25px|0px&#8221; transform_translate_last_edited=&#8221;on|desktop&#8221; transform_translate_linked_phone=&#8221;off&#8221; transform_rotate_tablet=&#8221;&#8221; transform_rotate_phone=&#8221;&#8221; transform_rotate_last_edited=&#8221;on|phone&#8221; transform_skew_tablet=&#8221;&#8221; transform_skew_phone=&#8221;&#8221; transform_skew_last_edited=&#8221;on|phone&#8221; transform_origin_tablet=&#8221;&#8221; transform_origin_phone=&#8221;&#8221; transform_origin_last_edited=&#8221;on|phone&#8221; transform_styles_last_edited=&#8221;on|desktop&#8221; transform_styles_tablet=&#8221;&#8221; transform_styles_phone=&#8221;&#8221; global_colors_info=&#8221;{}&#8221;]<button class=\"close-cart-button\" onclick=\"closeContactForm()\" style=\"background: none;border: none;padding: 0;right: 0;position: absolute;transform: translate(40px, 12px);\"><svg style=\"fill:#6a6a6a\" clip-rule=\"evenodd\" fill-rule=\"evenodd\" stroke-linejoin=\"round\" stroke-miterlimit=\"2\" viewBox=\"0 0 24 24\" xmlns=\"http:\/\/www.w3.org\/2000\/svg\"><path d=\"m12.002 2.005c5.518 0 9.998 4.48 9.998 9.997 0 5.518-4.48 9.998-9.998 9.998-5.517 0-9.997-4.48-9.997-9.998 0-5.517 4.48-9.997 9.997-9.997zm0 8.933-2.721-2.722c-.146-.146-.339-.219-.531-.219-.404 0-.75.324-.75.749 0 .193.073.384.219.531l2.722 2.722-2.728 2.728c-.147.147-.22.34-.22.531 0 .427.35.75.751.75.192 0 .384-.073.53-.219l2.728-2.728 2.729 2.728c.146.146.338.219.53.219.401 0 .75-.323.75-.75 0-.191-.073-.384-.22-.531l-2.727-2.728 2.717-2.717c.146-.147.219-.338.219-.531 0-.425-.346-.75-.75-.75-.192 0-.385.073-.531.22z\" fill-rule=\"nonzero\"\/><\/svg><\/button>[\/et_pb_code][et_pb_text _builder_version=&#8221;4.24.2&#8243; _module_preset=&#8221;default&#8221; header_text_align=&#8221;center&#8221; custom_margin=&#8221;20px||||false|false&#8221; global_colors_info=&#8221;{}&#8221;]<\/p>\n<h1>Kontakt<\/h1>\n<p>[\/et_pb_text][et_pb_code _builder_version=&#8221;4.24.2&#8243; _module_preset=&#8221;default&#8221; global_colors_info=&#8221;{}&#8221;]<div class=\"forminator-ui forminator-custom-form forminator-custom-form-2560 forminator-design--flat forminator-enclosed forminator_ajax\" data-forminator-render=\"0\" data-form=\"forminator-module-2560\" data-uid=\"69dc7124765ee\"><br\/><\/div><form\n\t\t\t\tid=\"forminator-module-2560\"\n\t\t\t\tclass=\"forminator-ui forminator-custom-form forminator-custom-form-2560 forminator-design--flat forminator-enclosed forminator_ajax\"\n\t\t\t\tmethod=\"post\"\n\t\t\t\tdata-forminator-render=\"0\"\n\t\t\t\tdata-form-id=\"2560\"\n\t\t\t\t data-color-option=\"default\" data-design=\"flat\" data-grid=\"enclosed\" style=\"display: none;\"\n\t\t\t\tdata-uid=\"69dc7124765ee\"\n\t\t\t><div role=\"alert\" aria-live=\"polite\" class=\"forminator-response-message forminator-error\" aria-hidden=\"true\"><\/div><div class=\"forminator-row\"><div id=\"name-1\" class=\"forminator-field-name forminator-col forminator-col-12 \"><div class=\"forminator-row forminator-no-margin\" data-multiple=\"true\"><div class=\"forminator-col forminator-col-md-6\"><div class=\"forminator-field\"><label for=\"forminator-field-first-name-1_69dc7124765ee\" id=\"forminator-field-first-name-1_69dc7124765ee-label\" class=\"forminator-label\">Imi\u0119 <span class=\"forminator-required\">*<\/span><\/label><input type=\"text\" name=\"name-1-first-name\" placeholder=\"\" id=\"forminator-field-first-name-1_69dc7124765ee\" class=\"forminator-input\" aria-required=\"true\" data-multi=\"1\" autocomplete=\"given-name\" value=\"\" \/><\/div><\/div><div class=\"forminator-col forminator-col-md-6\"><div class=\"forminator-field\"><label for=\"forminator-field-last-name-1_69dc7124765ee\" id=\"forminator-field-last-name-1_69dc7124765ee-label\" class=\"forminator-label\">Nazwisko <span class=\"forminator-required\">*<\/span><\/label><input type=\"text\" name=\"name-1-last-name\" placeholder=\"\" id=\"forminator-field-last-name-1_69dc7124765ee\" class=\"forminator-input\" aria-required=\"true\" data-multi=\"1\" autocomplete=\"family-name\" value=\"\" \/><\/div><\/div><\/div><\/div><\/div><div class=\"forminator-row\"><div id=\"email-1\" class=\"forminator-field-email forminator-col forminator-col-12 \"><div class=\"forminator-field\"><label for=\"forminator-field-email-1_69dc7124765ee\" id=\"forminator-field-email-1_69dc7124765ee-label\" class=\"forminator-label\">Email <span class=\"forminator-required\">*<\/span><\/label><input type=\"email\" name=\"email-1\" value=\"\" placeholder=\"np. john@doe.com\" id=\"forminator-field-email-1_69dc7124765ee\" class=\"forminator-input forminator-email--field\" data-required=\"1\" aria-required=\"true\" autocomplete=\"email\" \/><\/div><\/div><\/div><div class=\"forminator-row\"><div id=\"textarea-1\" class=\"forminator-field-textarea forminator-col forminator-col-12  form-textarea\"><div class=\"forminator-field\"><label for=\"forminator-field-textarea-1_69dc7124765ee\" id=\"forminator-field-textarea-1_69dc7124765ee-label\" class=\"forminator-label\">Wiadomo\u015b\u0107 <span class=\"forminator-required\">*<\/span><\/label><textarea name=\"textarea-1\" placeholder=\"\" id=\"forminator-field-textarea-1_69dc7124765ee\" class=\"forminator-textarea\" rows=\"6\" style=\"min-height:230px;\" ><\/textarea><\/div><\/div><\/div><div class=\"forminator-row\"><div id=\"phone-1\" class=\"forminator-field-phone forminator-col forminator-col-12 \"><div class=\"forminator-field\"><label for=\"forminator-field-phone-1_69dc7124765ee\" id=\"forminator-field-phone-1_69dc7124765ee-label\" class=\"forminator-label\">Telefon <span class=\"forminator-required\">*<\/span><\/label><input type=\"text\" name=\"phone-1\" value=\"\" placeholder=\"np. 300 400 500\" id=\"forminator-field-phone-1_69dc7124765ee\" class=\"forminator-input forminator-field--phone\" data-required=\"1\" aria-required=\"true\" autocomplete=\"off\" \/><\/div><\/div><\/div><div class=\"forminator-row\"><div id=\"captcha-1\" class=\"forminator-field-captcha forminator-col forminator-col-12 \"><div class=\"forminator-captcha-left forminator-g-recaptcha recaptcha-invisible\" data-theme=\"light\" data-badge=\"inline\" data-sitekey=\"6LcaAykoAAAAADFcM4iJ3kEF7Fm6DHOBAPSGuQY2\" data-size=\"invisible\"><\/div> <\/div><\/div><input type=\"hidden\" name=\"referer_url\" value=\"\" \/><div class=\"forminator-row forminator-row-last\"><div class=\"forminator-col\"><div class=\"forminator-field\"><button class=\"forminator-button forminator-button-submit\">Wy\u015blij<\/button><\/div><\/div><\/div><input type=\"hidden\" id=\"forminator_nonce\" name=\"forminator_nonce\" value=\"ba92c9d7a1\" \/><input type=\"hidden\" name=\"_wp_http_referer\" value=\"\/rental\/wp-json\/wp\/v2\/pages\/3101\" \/><input type=\"hidden\" name=\"form_id\" value=\"2560\"><input type=\"hidden\" name=\"page_id\" value=\"3101\"><input type=\"hidden\" name=\"form_type\" value=\"default\"><input type=\"hidden\" name=\"current_url\" value=\"https:\/\/szok.biz\/rental\/naglosnienie-wynajem\/\"><input type=\"hidden\" name=\"render_id\" value=\"0\"><input type=\"hidden\" name=\"action\" value=\"forminator_submit_form_custom-forms\"><\/form>[\/et_pb_code][\/et_pb_column][\/et_pb_row][\/et_pb_section]<\/p>\n","protected":false},"excerpt":{"rendered":"<p>Wynajem nag\u0142o\u015bnienia na eventyWynajmij u nas sprz\u0119t nag\u0142o\u015bnieniowyWynajem sprz\u0119tu nag\u0142o\u015bnieniowego to kluczowy krok w zapewnieniu doskona\u0142ej jako\u015bci d\u017awi\u0119ku na ka\u017cdym wydarzeniu. Dzi\u0119ki szerokiemu wyborowi g\u0142o\u015bnik\u00f3w, mikrofon\u00f3w, mikser\u00f3w d\u017awi\u0119ku i dodatkowego osprz\u0119tu w naszej ofercie, mo\u017cesz uzyska\u0107 pe\u0142n\u0105 kontrol\u0119 nad brzmieniem i dostosowa\u0107 je do indywidualnych potrzeb. Mikrofony bezprzewodowe, ods\u0142uchy, czy interfejsy audio dodatkowo podnosz\u0105 jako\u015b\u0107 [&hellip;]<\/p>\n","protected":false},"author":4,"featured_media":0,"parent":0,"menu_order":0,"comment_status":"closed","ping_status":"closed","template":"","meta":{"_et_pb_use_builder":"on","_et_pb_old_content":"<p>[et_pb_section fb_built=\"1\" _builder_version=\"4.14.5\" _module_preset=\"default\" background_image=\"https:\/\/szok.biz\/rental\/wp-content\/uploads\/2023\/07\/krys-amon-vn8Falk7JbU-unsplash.jpg\" min_height=\"400px\" custom_padding=\"142px|||||\" hover_enabled=\"0\" global_colors_info=\"{}\" alt=\"wynajem o\u015bwietlenia na imprezy\" title_text=\"wynajem o\u015bwietlenia na imprezy\" sticky_enabled=\"0\"][et_pb_row _builder_version=\"4.14.5\" _module_preset=\"default\" global_colors_info=\"{}\"][et_pb_column type=\"4_4\" _builder_version=\"4.14.5\" _module_preset=\"default\" global_colors_info=\"{}\"][et_pb_text _builder_version=\"4.14.5\" _module_preset=\"default\" text_font=\"Lato|900|||||||\" header_font=\"Lato|900|||||||\" header_text_color=\"#FFFFFF\" header_font_size=\"40px\" global_colors_info=\"{}\"]<\/p><h1 style=\"text-align: left;\">Wynajem o\u015bwietlenia na eventy<\/h1><p>[\/et_pb_text][\/et_pb_column][\/et_pb_row][\/et_pb_section][et_pb_section fb_built=\"1\" _builder_version=\"4.14.5\" _module_preset=\"default\" custom_padding=\"11px||0px|||\" global_colors_info=\"{}\"][et_pb_row _builder_version=\"4.14.5\" _module_preset=\"default\" custom_padding=\"||3px|||\" global_colors_info=\"{}\"][et_pb_column type=\"4_4\" _builder_version=\"4.14.5\" _module_preset=\"default\" global_colors_info=\"{}\"][et_pb_text _builder_version=\"4.14.5\" _module_preset=\"default\" hover_enabled=\"0\" global_colors_info=\"{}\" sticky_enabled=\"0\"]<\/p><h2>Wynajmij u nas sprz\u0119t o\u015bwietleniowy<\/h2><p>[\/et_pb_text][\/et_pb_column][\/et_pb_row][et_pb_row _builder_version=\"4.14.5\" _module_preset=\"default\" global_colors_info=\"{}\"][et_pb_column type=\"4_4\" _builder_version=\"4.14.5\" _module_preset=\"default\" global_colors_info=\"{}\"][et_pb_text _builder_version=\"4.14.5\" _module_preset=\"default\" global_colors_info=\"{}\"]Your content goes here. Edit or remove this text inline or in the module Content settings. You can also style every aspect of this content in the module Design settings and even apply custom CSS to this text in the module Advanced settings.<\/p><p>Your content goes here. Edit or remove this text inline or in the module Content settings. You can also style every aspect of this content in the module Design settings and even apply custom CSS to this text in the module Advanced settings.<\/p><p>Your content goes here. Edit or remove this text inline or in the module Content settings. You can also style every aspect of this content in the module Design settings and even apply custom CSS to this text in the module Advanced settings.<br \/>[\/et_pb_text][\/et_pb_column][\/et_pb_row][et_pb_row _builder_version=\"4.14.5\" _module_preset=\"default\" global_colors_info=\"{}\"][et_pb_column type=\"4_4\" _builder_version=\"4.14.5\" _module_preset=\"default\" global_colors_info=\"{}\"][et_pb_filterable_portfolio fullwidth=\"off\" posts_number=\"36\" include_categories=\"21,28,42,26,27\" _builder_version=\"4.14.5\" _module_preset=\"default\" hover_enabled=\"0\" global_colors_info=\"{}\" sticky_enabled=\"0\"][\/et_pb_filterable_portfolio][\/et_pb_column][\/et_pb_row][\/et_pb_section][et_pb_section fb_built=\"1\" _builder_version=\"4.14.5\" _module_preset=\"default\" custom_padding=\"0px||10px|||\" global_colors_info=\"{}\"][\/et_pb_section]<\/p>","_et_gb_content_width":"","footnotes":""},"class_list":["post-3101","page","type-page","status-publish","hentry"],"_links":{"self":[{"href":"https:\/\/szok.biz\/rental\/wp-json\/wp\/v2\/pages\/3101","targetHints":{"allow":["GET"]}}],"collection":[{"href":"https:\/\/szok.biz\/rental\/wp-json\/wp\/v2\/pages"}],"about":[{"href":"https:\/\/szok.biz\/rental\/wp-json\/wp\/v2\/types\/page"}],"author":[{"embeddable":true,"href":"https:\/\/szok.biz\/rental\/wp-json\/wp\/v2\/users\/4"}],"replies":[{"embeddable":true,"href":"https:\/\/szok.biz\/rental\/wp-json\/wp\/v2\/comments?post=3101"}],"version-history":[{"count":9,"href":"https:\/\/szok.biz\/rental\/wp-json\/wp\/v2\/pages\/3101\/revisions"}],"predecessor-version":[{"id":5225,"href":"https:\/\/szok.biz\/rental\/wp-json\/wp\/v2\/pages\/3101\/revisions\/5225"}],"wp:attachment":[{"href":"https:\/\/szok.biz\/rental\/wp-json\/wp\/v2\/media?parent=3101"}],"curies":[{"name":"wp","href":"https:\/\/api.w.org\/{rel}","templated":true}]}}