{"id":3113,"date":"2023-07-04T23:54:21","date_gmt":"2023-07-04T21:54:21","guid":{"rendered":"https:\/\/szok.biz\/rental\/?page_id=3113"},"modified":"2024-03-19T14:40:20","modified_gmt":"2024-03-19T13:40:20","slug":"technika-sceniczna-wynajem","status":"publish","type":"page","link":"https:\/\/szok.biz\/rental\/technika-sceniczna-wynajem\/","title":{"rendered":"Technika sceniczna"},"content":{"rendered":"<p>[et_pb_section fb_built=&#8221;1&#8243; _builder_version=&#8221;4.16&#8243; _module_preset=&#8221;default&#8221; background_enable_color=&#8221;off&#8221; use_background_color_gradient=&#8221;on&#8221; background_color_gradient_stops=&#8221;rgba(0,0,0,0.29) 59%|rgba(0,0,0,0.08) 76%&#8221; background_color_gradient_overlays_image=&#8221;on&#8221; background_color_gradient_start=&#8221;rgba(0,0,0,0.29)&#8221; background_color_gradient_start_position=&#8221;59%&#8221; background_color_gradient_end=&#8221;rgba(0,0,0,0.08)&#8221; background_color_gradient_end_position=&#8221;76%&#8221; background_image=&#8221;https:\/\/szok.biz\/rental\/wp-content\/uploads\/2023\/07\/yvette-de-wit-8XLapfNMW04-unsplash.jpg&#8221; min_height=&#8221;400px&#8221; custom_padding=&#8221;142px|||||&#8221; global_colors_info=&#8221;{}&#8221;][et_pb_row _builder_version=&#8221;4.16&#8243; _module_preset=&#8221;default&#8221; global_colors_info=&#8221;{}&#8221;][et_pb_column type=&#8221;4_4&#8243; _builder_version=&#8221;4.16&#8243; _module_preset=&#8221;default&#8221; global_colors_info=&#8221;{}&#8221;][et_pb_text _builder_version=&#8221;4.16&#8243; _module_preset=&#8221;default&#8221; text_font=&#8221;Lato|900|||||||&#8221; header_font=&#8221;Lato|900|||||||&#8221; header_text_color=&#8221;#FFFFFF&#8221; header_font_size=&#8221;40px&#8221; global_colors_info=&#8221;{}&#8221;]<\/p>\n<h1 style=\"text-align: left;\">Wynajem sprz\u0119tu &#8211; technika sceniczna<\/h1>\n<p>[\/et_pb_text][\/et_pb_column][\/et_pb_row][\/et_pb_section][et_pb_section fb_built=&#8221;1&#8243; _builder_version=&#8221;4.16&#8243; _module_preset=&#8221;default&#8221; custom_padding=&#8221;11px||0px|||&#8221; global_colors_info=&#8221;{}&#8221;][et_pb_row _builder_version=&#8221;4.16&#8243; _module_preset=&#8221;default&#8221; custom_padding=&#8221;||3px|||&#8221; global_colors_info=&#8221;{}&#8221;][et_pb_column type=&#8221;4_4&#8243; _builder_version=&#8221;4.16&#8243; _module_preset=&#8221;default&#8221; global_colors_info=&#8221;{}&#8221;][et_pb_text _builder_version=&#8221;4.16&#8243; _module_preset=&#8221;default&#8221; global_colors_info=&#8221;{}&#8221;]<\/p>\n<h2>Wynajmij u nas scen\u0119 i technik\u0119 sceniczn\u0105<\/h2>\n<p>[\/et_pb_text][\/et_pb_column][\/et_pb_row][et_pb_row _builder_version=&#8221;4.16&#8243; _module_preset=&#8221;default&#8221; global_colors_info=&#8221;{}&#8221;][et_pb_column type=&#8221;4_4&#8243; _builder_version=&#8221;4.16&#8243; _module_preset=&#8221;default&#8221; global_colors_info=&#8221;{}&#8221;][et_pb_text _builder_version=&#8221;4.16&#8243; _module_preset=&#8221;default&#8221; global_colors_info=&#8221;{}&#8221;]<\/p>\n<p><span>Odkryj \u015bwiat profesjonalnych produkcji scenicznych dzi\u0119ki naszej us\u0142udze wynajmu sprz\u0119tu scenicznego. W naszej wypo\u017cyczalni znajdziesz szeroki wyb\u00f3r wysokiej jako\u015bci urz\u0105dze\u0144, takich jak podesty sceniczne, nogi teleskopowe, rozdzielnie, stalowe liny, kratownice i rury aluminiowe. Dzi\u0119ki takiemu sprz\u0119towi Twoje wydarzenie nabierze imponuj\u0105cego charakteru, zapewniaj\u0105c nie tylko estetyk\u0119, ale tak\u017ce niezawodno\u015b\u0107 i bezpiecze\u0144stwo. Nasze us\u0142ugi wynajmu sprz\u0119tu scenicznego s\u0105 dost\u0119pne nie tylko w Krakowie, ale r\u00f3wnie\u017c dla klient\u00f3w na terenie ca\u0142ej Polski. Przekszta\u0142\u0107 swoje produkcje w wyj\u0105tkowe spektakle dzi\u0119ki profesjonalnemu i wysokiej jako\u015bci sprz\u0119tu z zakresu techniki scenicznej, kt\u00f3ry oferujemy w korzystnych cenach.\u00a0<\/span><\/p>\n<p>[\/et_pb_text][\/et_pb_column][\/et_pb_row][et_pb_row _builder_version=&#8221;4.16&#8243; _module_preset=&#8221;default&#8221; global_colors_info=&#8221;{}&#8221;][et_pb_column type=&#8221;4_4&#8243; _builder_version=&#8221;4.16&#8243; _module_preset=&#8221;default&#8221; global_colors_info=&#8221;{}&#8221;][et_pb_filterable_portfolio fullwidth=&#8221;off&#8221; posts_number=&#8221;36&#8243; include_categories=&#8221;57,59,60,58&#8243; _builder_version=&#8221;4.16&#8243; _module_preset=&#8221;default&#8221; global_colors_info=&#8221;{}&#8221;][\/et_pb_filterable_portfolio][\/et_pb_column][\/et_pb_row][\/et_pb_section][et_pb_section fb_built=&#8221;1&#8243; _builder_version=&#8221;4.16&#8243; _module_preset=&#8221;default&#8221; custom_padding=&#8221;0px||10px|||&#8221; global_colors_info=&#8221;{}&#8221;][et_pb_row _builder_version=&#8221;4.16&#8243; _module_preset=&#8221;default&#8221; custom_padding=&#8221;||2px|||&#8221; global_colors_info=&#8221;{}&#8221;][et_pb_column type=&#8221;4_4&#8243; _builder_version=&#8221;4.16&#8243; _module_preset=&#8221;default&#8221; global_colors_info=&#8221;{}&#8221;][et_pb_text _builder_version=&#8221;4.16&#8243; _module_preset=&#8221;default&#8221; global_colors_info=&#8221;{}&#8221;]<\/p>\n<h2>Wyj\u0105tkowe wyposa\u017cenie sceniczne dost\u0119pne na wynajem<\/h2>\n<p>W naszej wypo\u017cyczalni sprz\u0119tu scenicznego znajdziesz szeroki wyb\u00f3r wysokiej jako\u015bci urz\u0105dze\u0144, kt\u00f3re sprawi\u0105, \u017ce Twoje wydarzenie nabierze wyj\u0105tkowego charakteru. Oferujemy wynajem podest\u00f3w scenicznych, n\u00f3g teleskopowych, rozdzielni, zbiornik\u00f3w typu Mauzer, stalowych lin, kratownic i rur aluminiowych. Nasz sprz\u0119t sceniczny jest solidny, bezpieczny i dostosowany do najwy\u017cszych standard\u00f3w technicznych. Zapewniamy wynajem sprz\u0119tu scenicznego nie tylko w Krakowie, ale r\u00f3wnie\u017c na terenie ca\u0142ej Polski, aby sprosta\u0107 Twoim potrzebom.<\/p>\n<h2>Sceny i podesty sceniczne dla imponuj\u0105cych produkcji<\/h2>\n<p>Nasz sprz\u0119t sceniczny znalaz\u0142 zastosowanie w wielu r\u00f3\u017cnorodnych produkcjach, od koncert\u00f3w i festiwali po teatralne przedstawienia i eventy korporacyjne. Wynajem sceny, technika sceniczna i odpowiednie wyposa\u017cenie s\u0105 kluczowe dla zapewnienia efektownego wygl\u0105du. Nasze podesty sceniczne zapewniaj\u0105 stabiln\u0105 i bezpieczn\u0105 powierzchni\u0119 do wyst\u0119p\u00f3w, a nogi teleskopowe umo\u017cliwiaj\u0105 \u0142atwe dopasowanie wysoko\u015bci. Rozdzielnie elektryczne zapewniaj\u0105 bezpieczne i niezawodne zasilanie, a stalowe liny, kratownice i rury aluminiowe s\u0142u\u017c\u0105 do tworzenia wymagaj\u0105cych konstrukcji i efekt\u00f3w scenicznych. Nasz sprz\u0119t jest niezawodny i sprawdzi si\u0119 w ka\u017cdej produkcji.<\/p>\n<h2>Wynajem sprz\u0119tu scenicznego &#8211; profesjonalizm na Twoje wydarzenie<\/h2>\n<p>Wynajem sprz\u0119tu scenicznego to kluczowy element ka\u017cdej profesjonalnej produkcji. Dzi\u0119ki naszemu wysokiej jako\u015bci wyposa\u017ceniu, masz pewno\u015b\u0107 nie tylko imponuj\u0105cego efektu wizualnego, ale tak\u017ce bezpiecznej i sprawnej realizacji wydarzenia. Nasz sprz\u0119t sceniczny spe\u0142nia najwy\u017csze standardy techniczne i jest regularnie serwisowany, aby zapewni\u0107 niezawodno\u015b\u0107 i bezpiecze\u0144stwo. Oferujemy wynajem sprz\u0119tu scenicznego w Krakowie dla klient\u00f3w na terenie ca\u0142ej Polski, aby sprosta\u0107 Twoim potrzebom produkcji. Wsp\u00f3\u0142pracuj\u0105c z nami, zyskujesz profesjonalne wsparcie techniczne oraz nowoczesny i pewny sprz\u0119t dla swoich wydarze\u0144.\u00a0<\/p>\n<p>[\/et_pb_text][\/et_pb_column][\/et_pb_row][et_pb_row _builder_version=&#8221;4.16&#8243; _module_preset=&#8221;default&#8221; global_colors_info=&#8221;{}&#8221;][et_pb_column type=&#8221;4_4&#8243; _builder_version=&#8221;4.16&#8243; _module_preset=&#8221;default&#8221; global_colors_info=&#8221;{}&#8221;][et_pb_text _builder_version=&#8221;4.16&#8243; _module_preset=&#8221;default&#8221; global_colors_info=&#8221;{}&#8221;]<\/p>\n<p><strong><span style=\"color: #ff0000;\"><a href=\"https:\/\/szok.biz\/rental\/\" style=\"color: #ff0000;\">Wynajem sprz\u0119tu eventowego w Krakowie<\/a><\/span><\/strong><\/p>\n<p>[\/et_pb_text][\/et_pb_column][\/et_pb_row][\/et_pb_section][et_pb_section fb_built=&#8221;1&#8243; custom_padding_last_edited=&#8221;on|phone&#8221; admin_label=&#8221;formularz rentalowy&#8221; module_id=&#8221;rental-contact-form&#8221; _builder_version=&#8221;4.24.2&#8243; _module_preset=&#8221;default&#8221; background_color=&#8221;rgba(0,0,0,0.46)&#8221; positioning=&#8221;fixed&#8221; position_origin_f=&#8221;center_center&#8221; z_index=&#8221;500&#8243; position_origin_a_last_edited=&#8221;off|desktop&#8221; position_origin_f_last_edited=&#8221;off|desktop&#8221; position_origin_r_last_edited=&#8221;off|desktop&#8221; height=&#8221;100%&#8221; custom_margin=&#8221;||||false|false&#8221; custom_padding=&#8221;100px||||false|false&#8221; custom_padding_tablet=&#8221;100px||||false|false&#8221; custom_padding_phone=&#8221;100px||||false|false&#8221; positioning_last_edited=&#8221;off|desktop&#8221; custom_css_main_element=&#8221;display:none;||align-items: center;||justify-content: center;||top: 50%!important;&#8221; global_colors_info=&#8221;{}&#8221; global_module=&#8221;5185&#8243;][et_pb_row _builder_version=&#8221;4.16&#8243; background_color=&#8221;#FFFFFF&#8221; position_origin_f=&#8221;center_center&#8221; position_origin_r=&#8221;top_right&#8221; z_index=&#8221;397&#8243; width_tablet=&#8221;90%&#8221; width_phone=&#8221;95%&#8221; width_last_edited=&#8221;on|phone&#8221; max_width=&#8221;1040px&#8221; height_tablet=&#8221;90vh&#8221; height_phone=&#8221;90vh&#8221; height_last_edited=&#8221;on|phone&#8221; custom_margin=&#8221;0px|0px|0px|0px|false|false&#8221; custom_padding=&#8221;0px|0px|0px|0px|false|false&#8221; border_radii=&#8221;on|15px|15px|15px|15px&#8221; box_shadow_style=&#8221;preset1&#8243; locked=&#8221;off&#8221; global_colors_info=&#8221;{}&#8221;][et_pb_column type=&#8221;4_4&#8243; _builder_version=&#8221;4.16&#8243; position_origin_f=&#8221;top_center&#8221; custom_padding=&#8221;0px|60px||30px|false|false&#8221; custom_padding_tablet=&#8221;&#8221; custom_padding_phone=&#8221;0px|30px||30px|false|false&#8221; custom_padding_last_edited=&#8221;on|desktop&#8221; global_colors_info=&#8221;{}&#8221; custom_padding__hover=&#8221;|||&#8221;][et_pb_code _builder_version=&#8221;4.24.2&#8243; _module_preset=&#8221;default&#8221; transform_scale_tablet=&#8221;&#8221; transform_scale_phone=&#8221;&#8221; transform_scale_last_edited=&#8221;on|phone&#8221; transform_translate_tablet=&#8221;&#8221; transform_translate_phone=&#8221;-25px|0px&#8221; transform_translate_last_edited=&#8221;on|desktop&#8221; transform_translate_linked_phone=&#8221;off&#8221; transform_rotate_tablet=&#8221;&#8221; transform_rotate_phone=&#8221;&#8221; transform_rotate_last_edited=&#8221;on|phone&#8221; transform_skew_tablet=&#8221;&#8221; transform_skew_phone=&#8221;&#8221; transform_skew_last_edited=&#8221;on|phone&#8221; transform_origin_tablet=&#8221;&#8221; transform_origin_phone=&#8221;&#8221; transform_origin_last_edited=&#8221;on|phone&#8221; transform_styles_last_edited=&#8221;on|desktop&#8221; transform_styles_tablet=&#8221;&#8221; transform_styles_phone=&#8221;&#8221; global_colors_info=&#8221;{}&#8221;]<button class=\"close-cart-button\" onclick=\"closeContactForm()\" style=\"background: none;border: none;padding: 0;right: 0;position: absolute;transform: translate(40px, 12px);\"><svg style=\"fill:#6a6a6a\" clip-rule=\"evenodd\" fill-rule=\"evenodd\" stroke-linejoin=\"round\" stroke-miterlimit=\"2\" viewBox=\"0 0 24 24\" xmlns=\"http:\/\/www.w3.org\/2000\/svg\"><path d=\"m12.002 2.005c5.518 0 9.998 4.48 9.998 9.997 0 5.518-4.48 9.998-9.998 9.998-5.517 0-9.997-4.48-9.997-9.998 0-5.517 4.48-9.997 9.997-9.997zm0 8.933-2.721-2.722c-.146-.146-.339-.219-.531-.219-.404 0-.75.324-.75.749 0 .193.073.384.219.531l2.722 2.722-2.728 2.728c-.147.147-.22.34-.22.531 0 .427.35.75.751.75.192 0 .384-.073.53-.219l2.728-2.728 2.729 2.728c.146.146.338.219.53.219.401 0 .75-.323.75-.75 0-.191-.073-.384-.22-.531l-2.727-2.728 2.717-2.717c.146-.147.219-.338.219-.531 0-.425-.346-.75-.75-.75-.192 0-.385.073-.531.22z\" fill-rule=\"nonzero\"\/><\/svg><\/button>[\/et_pb_code][et_pb_text _builder_version=&#8221;4.24.2&#8243; _module_preset=&#8221;default&#8221; header_text_align=&#8221;center&#8221; custom_margin=&#8221;20px||||false|false&#8221; global_colors_info=&#8221;{}&#8221;]<\/p>\n<h1>Kontakt<\/h1>\n<p>[\/et_pb_text][et_pb_code _builder_version=&#8221;4.24.2&#8243; _module_preset=&#8221;default&#8221; global_colors_info=&#8221;{}&#8221;]<div class=\"forminator-ui forminator-custom-form forminator-custom-form-2560 forminator-design--flat forminator-enclosed forminator_ajax\" data-forminator-render=\"0\" data-form=\"forminator-module-2560\" data-uid=\"69de02656aa57\"><br\/><\/div><form\n\t\t\t\tid=\"forminator-module-2560\"\n\t\t\t\tclass=\"forminator-ui forminator-custom-form forminator-custom-form-2560 forminator-design--flat forminator-enclosed forminator_ajax\"\n\t\t\t\tmethod=\"post\"\n\t\t\t\tdata-forminator-render=\"0\"\n\t\t\t\tdata-form-id=\"2560\"\n\t\t\t\t data-color-option=\"default\" data-design=\"flat\" data-grid=\"enclosed\" style=\"display: none;\"\n\t\t\t\tdata-uid=\"69de02656aa57\"\n\t\t\t><div role=\"alert\" aria-live=\"polite\" class=\"forminator-response-message forminator-error\" aria-hidden=\"true\"><\/div><div class=\"forminator-row\"><div id=\"name-1\" class=\"forminator-field-name forminator-col forminator-col-12 \"><div class=\"forminator-row forminator-no-margin\" data-multiple=\"true\"><div class=\"forminator-col forminator-col-md-6\"><div class=\"forminator-field\"><label for=\"forminator-field-first-name-1_69de02656aa57\" id=\"forminator-field-first-name-1_69de02656aa57-label\" class=\"forminator-label\">Imi\u0119 <span class=\"forminator-required\">*<\/span><\/label><input type=\"text\" name=\"name-1-first-name\" placeholder=\"\" id=\"forminator-field-first-name-1_69de02656aa57\" class=\"forminator-input\" aria-required=\"true\" data-multi=\"1\" autocomplete=\"given-name\" value=\"\" \/><\/div><\/div><div class=\"forminator-col forminator-col-md-6\"><div class=\"forminator-field\"><label for=\"forminator-field-last-name-1_69de02656aa57\" id=\"forminator-field-last-name-1_69de02656aa57-label\" class=\"forminator-label\">Nazwisko <span class=\"forminator-required\">*<\/span><\/label><input type=\"text\" name=\"name-1-last-name\" placeholder=\"\" id=\"forminator-field-last-name-1_69de02656aa57\" class=\"forminator-input\" aria-required=\"true\" data-multi=\"1\" autocomplete=\"family-name\" value=\"\" \/><\/div><\/div><\/div><\/div><\/div><div class=\"forminator-row\"><div id=\"email-1\" class=\"forminator-field-email forminator-col forminator-col-12 \"><div class=\"forminator-field\"><label for=\"forminator-field-email-1_69de02656aa57\" id=\"forminator-field-email-1_69de02656aa57-label\" class=\"forminator-label\">Email <span class=\"forminator-required\">*<\/span><\/label><input type=\"email\" name=\"email-1\" value=\"\" placeholder=\"np. john@doe.com\" id=\"forminator-field-email-1_69de02656aa57\" class=\"forminator-input forminator-email--field\" data-required=\"1\" aria-required=\"true\" autocomplete=\"email\" \/><\/div><\/div><\/div><div class=\"forminator-row\"><div id=\"textarea-1\" class=\"forminator-field-textarea forminator-col forminator-col-12  form-textarea\"><div class=\"forminator-field\"><label for=\"forminator-field-textarea-1_69de02656aa57\" id=\"forminator-field-textarea-1_69de02656aa57-label\" class=\"forminator-label\">Wiadomo\u015b\u0107 <span class=\"forminator-required\">*<\/span><\/label><textarea name=\"textarea-1\" placeholder=\"\" id=\"forminator-field-textarea-1_69de02656aa57\" class=\"forminator-textarea\" rows=\"6\" style=\"min-height:230px;\" ><\/textarea><\/div><\/div><\/div><div class=\"forminator-row\"><div id=\"phone-1\" class=\"forminator-field-phone forminator-col forminator-col-12 \"><div class=\"forminator-field\"><label for=\"forminator-field-phone-1_69de02656aa57\" id=\"forminator-field-phone-1_69de02656aa57-label\" class=\"forminator-label\">Telefon <span class=\"forminator-required\">*<\/span><\/label><input type=\"text\" name=\"phone-1\" value=\"\" placeholder=\"np. 300 400 500\" id=\"forminator-field-phone-1_69de02656aa57\" class=\"forminator-input forminator-field--phone\" data-required=\"1\" aria-required=\"true\" autocomplete=\"off\" \/><\/div><\/div><\/div><div class=\"forminator-row\"><div id=\"captcha-1\" class=\"forminator-field-captcha forminator-col forminator-col-12 \"><div class=\"forminator-captcha-left forminator-g-recaptcha recaptcha-invisible\" data-theme=\"light\" data-badge=\"inline\" data-sitekey=\"6LcaAykoAAAAADFcM4iJ3kEF7Fm6DHOBAPSGuQY2\" data-size=\"invisible\"><\/div> <\/div><\/div><input type=\"hidden\" name=\"referer_url\" value=\"\" \/><div class=\"forminator-row forminator-row-last\"><div class=\"forminator-col\"><div class=\"forminator-field\"><button class=\"forminator-button forminator-button-submit\">Wy\u015blij<\/button><\/div><\/div><\/div><input type=\"hidden\" id=\"forminator_nonce\" name=\"forminator_nonce\" value=\"8c2432b012\" \/><input type=\"hidden\" name=\"_wp_http_referer\" value=\"\/rental\/wp-json\/wp\/v2\/pages\/3113\" \/><input type=\"hidden\" name=\"form_id\" value=\"2560\"><input type=\"hidden\" name=\"page_id\" value=\"3113\"><input type=\"hidden\" name=\"form_type\" value=\"default\"><input type=\"hidden\" name=\"current_url\" value=\"https:\/\/szok.biz\/rental\/technika-sceniczna-wynajem\/\"><input type=\"hidden\" name=\"render_id\" value=\"0\"><input type=\"hidden\" name=\"action\" value=\"forminator_submit_form_custom-forms\"><\/form>[\/et_pb_code][\/et_pb_column][\/et_pb_row][\/et_pb_section]<\/p>\n","protected":false},"excerpt":{"rendered":"<p>Wynajem sprz\u0119tu &#8211; technika scenicznaWynajmij u nas scen\u0119 i technik\u0119 sceniczn\u0105Odkryj \u015bwiat profesjonalnych produkcji scenicznych dzi\u0119ki naszej us\u0142udze wynajmu sprz\u0119tu scenicznego. W naszej wypo\u017cyczalni znajdziesz szeroki wyb\u00f3r wysokiej jako\u015bci urz\u0105dze\u0144, takich jak podesty sceniczne, nogi teleskopowe, rozdzielnie, stalowe liny, kratownice i rury aluminiowe. Dzi\u0119ki takiemu sprz\u0119towi Twoje wydarzenie nabierze imponuj\u0105cego charakteru, zapewniaj\u0105c nie tylko estetyk\u0119, [&hellip;]<\/p>\n","protected":false},"author":4,"featured_media":0,"parent":0,"menu_order":0,"comment_status":"closed","ping_status":"closed","template":"","meta":{"_et_pb_use_builder":"on","_et_pb_old_content":"<p>[et_pb_section fb_built=\"1\" _builder_version=\"4.14.5\" _module_preset=\"default\" background_enable_color=\"off\" use_background_color_gradient=\"on\" background_color_gradient_start=\"rgba(0,0,0,0.29)\" background_color_gradient_end=\"rgba(0,0,0,0.08)\" background_color_gradient_start_position=\"59%\" background_color_gradient_end_position=\"76%\" background_color_gradient_overlays_image=\"on\" background_image=\"https:\/\/szok.biz\/rental\/wp-content\/uploads\/2023\/07\/kaley-dykstra-lqUN9hCFJhE-unsplash.jpg\" min_height=\"400px\" custom_padding=\"142px|||||\" hover_enabled=\"0\" global_colors_info=\"{}\" alt=\"wynajem kabli peryferi\u00f3w\" title_text=\"wynajem kabli peryferi\u00f3w\" sticky_enabled=\"0\"][et_pb_row _builder_version=\"4.14.5\" _module_preset=\"default\" global_colors_info=\"{}\"][et_pb_column type=\"4_4\" _builder_version=\"4.14.5\" _module_preset=\"default\" global_colors_info=\"{}\"][et_pb_text _builder_version=\"4.14.5\" _module_preset=\"default\" text_font=\"Lato|900|||||||\" header_font=\"Lato|900|||||||\" header_text_color=\"#FFFFFF\" header_font_size=\"40px\" global_colors_info=\"{}\"]<\/p><h1 style=\"text-align: left;\">Wynajem peryferi\u00f3w<\/h1><p>[\/et_pb_text][\/et_pb_column][\/et_pb_row][\/et_pb_section][et_pb_section fb_built=\"1\" _builder_version=\"4.14.5\" _module_preset=\"default\" custom_padding=\"11px||0px|||\" global_colors_info=\"{}\"][et_pb_row _builder_version=\"4.14.5\" _module_preset=\"default\" custom_padding=\"||3px|||\" global_colors_info=\"{}\"][et_pb_column type=\"4_4\" _builder_version=\"4.14.5\" _module_preset=\"default\" global_colors_info=\"{}\"][et_pb_text _builder_version=\"4.14.5\" _module_preset=\"default\" hover_enabled=\"0\" global_colors_info=\"{}\" sticky_enabled=\"0\"]<\/p><h2>Wynajmij u nas urz\u0105dzenia peryferyjne<\/h2><p>[\/et_pb_text][\/et_pb_column][\/et_pb_row][et_pb_row _builder_version=\"4.14.5\" _module_preset=\"default\" global_colors_info=\"{}\"][et_pb_column type=\"4_4\" _builder_version=\"4.14.5\" _module_preset=\"default\" global_colors_info=\"{}\"][et_pb_text _builder_version=\"4.14.5\" _module_preset=\"default\" global_colors_info=\"{}\"]Your content goes here. Edit or remove this text inline or in the module Content settings. You can also style every aspect of this content in the module Design settings and even apply custom CSS to this text in the module Advanced settings.<\/p><p>Your content goes here. Edit or remove this text inline or in the module Content settings. You can also style every aspect of this content in the module Design settings and even apply custom CSS to this text in the module Advanced settings.<\/p><p>Your content goes here. Edit or remove this text inline or in the module Content settings. You can also style every aspect of this content in the module Design settings and even apply custom CSS to this text in the module Advanced settings.<br \/>[\/et_pb_text][\/et_pb_column][\/et_pb_row][et_pb_row _builder_version=\"4.14.5\" _module_preset=\"default\" global_colors_info=\"{}\"][et_pb_column type=\"4_4\" _builder_version=\"4.14.5\" _module_preset=\"default\" global_colors_info=\"{}\"][et_pb_filterable_portfolio fullwidth=\"off\" posts_number=\"36\" include_categories=\"43,23,56,54,53,55\" _builder_version=\"4.14.5\" _module_preset=\"default\" hover_enabled=\"0\" global_colors_info=\"{}\" sticky_enabled=\"0\"][\/et_pb_filterable_portfolio][\/et_pb_column][\/et_pb_row][\/et_pb_section][et_pb_section fb_built=\"1\" _builder_version=\"4.14.5\" _module_preset=\"default\" custom_padding=\"0px||10px|||\" global_colors_info=\"{}\"][\/et_pb_section]<\/p>","_et_gb_content_width":"","footnotes":""},"class_list":["post-3113","page","type-page","status-publish","hentry"],"_links":{"self":[{"href":"https:\/\/szok.biz\/rental\/wp-json\/wp\/v2\/pages\/3113","targetHints":{"allow":["GET"]}}],"collection":[{"href":"https:\/\/szok.biz\/rental\/wp-json\/wp\/v2\/pages"}],"about":[{"href":"https:\/\/szok.biz\/rental\/wp-json\/wp\/v2\/types\/page"}],"author":[{"embeddable":true,"href":"https:\/\/szok.biz\/rental\/wp-json\/wp\/v2\/users\/4"}],"replies":[{"embeddable":true,"href":"https:\/\/szok.biz\/rental\/wp-json\/wp\/v2\/comments?post=3113"}],"version-history":[{"count":5,"href":"https:\/\/szok.biz\/rental\/wp-json\/wp\/v2\/pages\/3113\/revisions"}],"predecessor-version":[{"id":5227,"href":"https:\/\/szok.biz\/rental\/wp-json\/wp\/v2\/pages\/3113\/revisions\/5227"}],"wp:attachment":[{"href":"https:\/\/szok.biz\/rental\/wp-json\/wp\/v2\/media?parent=3113"}],"curies":[{"name":"wp","href":"https:\/\/api.w.org\/{rel}","templated":true}]}}